{"id":784,"date":"2025-09-20T22:13:53","date_gmt":"2025-09-20T22:13:53","guid":{"rendered":"https:\/\/illyria.biz\/?post_type=product&#038;p=784"},"modified":"2025-09-20T22:15:24","modified_gmt":"2025-09-20T22:15:24","slug":"terminali-i-hyrjes-me-fytyre-pro","status":"publish","type":"product","link":"https:\/\/illyria.biz\/en\/product\/terminali-i-hyrjes-me-fytyre-pro\/","title":{"rendered":"Terminali i Hyrjes Me Fytyr\u00eb Pro"},"content":{"rendered":"<ul>\n<li>Alarm p\u00ebr mbajtjen e detyruar t\u00eb mask\u00ebs: N\u00ebse fytyra q\u00eb e njeh nuk mban mask\u00eb, pajisja do t\u00eb shkaktoj\u00eb nj\u00eb njoftim me z\u00eb. N\u00eb t\u00eb nj\u00ebjt\u00ebn koh\u00eb, v\u00ebrtetimi ose pjes\u00ebmarrja do t\u00eb d\u00ebshtoj\u00eb<\/li>\n<li>Ekran me prekje LCD 7 in\u00e7, lente me k\u00ebnd t\u00eb gjer\u00eb 2 Mega piksel, modul i integruar p\u00ebr leximin e kartave M1<\/li>\n<li>Distanca e njohjes s\u00eb fytyr\u00ebs (pa mask\u00eb): 0.3 m deri n\u00eb 3 m, Koh\u00ebzgjatja &lt; 0.2 s\/P\u00ebrdorues, Shkalla e sakt\u00ebsis\u00eb \u2265 99%<\/li>\n<li>Maks. 6000 fytyra, Maks. 6000 karta dhe Maks. 5000 gjurm\u00eb gishtash<\/li>\n<li>Audio dypal\u00ebshe me softuer klienti, stacion t\u00eb brendsh\u00ebm dhe stacion kryesor.<\/li>\n<li>Mb\u00ebshtet TCP\/IP<\/li>\n<li>Konfigurimi n\u00ebp\u00ebrmjet klientit n\u00eb internet<\/li>\n<li>Mb\u00ebshtet protokollet ISAPI dhe ISUP5.0<\/li>\n<li>IP65<\/li>\n<\/ul>","protected":false},"excerpt":{"rendered":"<p>Alarm p\u00ebr mbajtjen e detyruar t\u00eb mask\u00ebs: N\u00ebse fytyra q\u00eb e njeh nuk mban mask\u00eb, pajisja do t\u00eb shkaktoj\u00eb nj\u00eb njoftim me z\u00eb. N\u00eb t\u00eb nj\u00ebjt\u00ebn koh\u00eb, v\u00ebrtetimi ose pjes\u00ebmarrja do t\u00eb<span class=\"excerpt-hellip\"> [\u2026]<\/span><\/p>","protected":false},"featured_media":787,"comment_status":"open","ping_status":"closed","template":"","meta":[],"product_brand":[29],"product_cat":[30],"product_tag":[],"class_list":{"0":"post-784","1":"product","2":"type-product","3":"status-publish","4":"has-post-thumbnail","6":"product_brand-hikvision","7":"product_cat-pro-face-access-terminal","9":"first","10":"instock","11":"taxable","12":"shipping-taxable","13":"purchasable","14":"product-type-simple"},"_links":{"self":[{"href":"https:\/\/illyria.biz\/en\/wp-json\/wp\/v2\/product\/784","targetHints":{"allow":["GET"]}}],"collection":[{"href":"https:\/\/illyria.biz\/en\/wp-json\/wp\/v2\/product"}],"about":[{"href":"https:\/\/illyria.biz\/en\/wp-json\/wp\/v2\/types\/product"}],"replies":[{"embeddable":true,"href":"https:\/\/illyria.biz\/en\/wp-json\/wp\/v2\/comments?post=784"}],"version-history":[{"count":2,"href":"https:\/\/illyria.biz\/en\/wp-json\/wp\/v2\/product\/784\/revisions"}],"predecessor-version":[{"id":786,"href":"https:\/\/illyria.biz\/en\/wp-json\/wp\/v2\/product\/784\/revisions\/786"}],"wp:featuredmedia":[{"embeddable":true,"href":"https:\/\/illyria.biz\/en\/wp-json\/wp\/v2\/media\/787"}],"wp:attachment":[{"href":"https:\/\/illyria.biz\/en\/wp-json\/wp\/v2\/media?parent=784"}],"wp:term":[{"taxonomy":"product_brand","embeddable":true,"href":"https:\/\/illyria.biz\/en\/wp-json\/wp\/v2\/product_brand?post=784"},{"taxonomy":"product_cat","embeddable":true,"href":"https:\/\/illyria.biz\/en\/wp-json\/wp\/v2\/product_cat?post=784"},{"taxonomy":"product_tag","embeddable":true,"href":"https:\/\/illyria.biz\/en\/wp-json\/wp\/v2\/product_tag?post=784"}],"curies":[{"name":"wp","href":"https:\/\/api.w.org\/{rel}","templated":true}]}}